{"id":270,"date":"2025-06-27T19:22:52","date_gmt":"2025-06-27T19:22:52","guid":{"rendered":"https:\/\/jandira360.com.br\/expobigua\/?page_id=270"},"modified":"2025-06-27T19:24:43","modified_gmt":"2025-06-27T19:24:43","slug":"imagens-para-protecao-de-tela","status":"publish","type":"page","link":"https:\/\/jandira360.com.br\/expobigua\/imagens-para-protecao-de-tela\/","title":{"rendered":"Imagens para prote\u00e7\u00e3o de Tela"},"content":{"rendered":"\n<p>As imagens s\u00e3o protegidas pelo direito autoral, e podem ser usadas para este fim, sempre mediante a cita\u00e7\u00e3o da Fonte.<\/p>\n\n\n\n<figure class=\"wp-block-gallery has-nested-images columns-2 is-cropped wp-block-gallery-1 is-layout-flex wp-block-gallery-is-layout-flex\">\n<figure class=\"wp-block-image size-large\"><img loading=\"lazy\" decoding=\"async\" width=\"1024\" height=\"576\" data-id=\"275\" src=\"https:\/\/jandira360.com.br\/expobigua\/wp-content\/uploads\/2025\/06\/1-1-1024x576.jpg\" alt=\"\" class=\"wp-image-275\" srcset=\"https:\/\/jandira360.com.br\/expobigua\/wp-content\/uploads\/2025\/06\/1-1-1024x576.jpg 1024w, https:\/\/jandira360.com.br\/expobigua\/wp-content\/uploads\/2025\/06\/1-1-300x169.jpg 300w, https:\/\/jandira360.com.br\/expobigua\/wp-content\/uploads\/2025\/06\/1-1-768x432.jpg 768w, https:\/\/jandira360.com.br\/expobigua\/wp-content\/uploads\/2025\/06\/1-1-1536x864.jpg 1536w, https:\/\/jandira360.com.br\/expobigua\/wp-content\/uploads\/2025\/06\/1-1.jpg 1920w\" sizes=\"auto, (max-width: 1024px) 100vw, 1024px\" \/><\/figure>\n\n\n\n<figure class=\"wp-block-image size-large\"><img loading=\"lazy\" decoding=\"async\" width=\"1024\" height=\"576\" data-id=\"274\" src=\"https:\/\/jandira360.com.br\/expobigua\/wp-content\/uploads\/2025\/06\/2-2-1024x576.jpg\" alt=\"\" class=\"wp-image-274\" srcset=\"https:\/\/jandira360.com.br\/expobigua\/wp-content\/uploads\/2025\/06\/2-2-1024x576.jpg 1024w, https:\/\/jandira360.com.br\/expobigua\/wp-content\/uploads\/2025\/06\/2-2-300x169.jpg 300w, https:\/\/jandira360.com.br\/expobigua\/wp-content\/uploads\/2025\/06\/2-2-768x432.jpg 768w, https:\/\/jandira360.com.br\/expobigua\/wp-content\/uploads\/2025\/06\/2-2-1536x864.jpg 1536w, https:\/\/jandira360.com.br\/expobigua\/wp-content\/uploads\/2025\/06\/2-2.jpg 1920w\" sizes=\"auto, (max-width: 1024px) 100vw, 1024px\" \/><\/figure>\n\n\n\n<figure class=\"wp-block-image size-large\"><img loading=\"lazy\" decoding=\"async\" width=\"1024\" height=\"576\" data-id=\"272\" src=\"https:\/\/jandira360.com.br\/expobigua\/wp-content\/uploads\/2025\/06\/3-1-1024x576.jpg\" alt=\"\" class=\"wp-image-272\" srcset=\"https:\/\/jandira360.com.br\/expobigua\/wp-content\/uploads\/2025\/06\/3-1-1024x576.jpg 1024w, https:\/\/jandira360.com.br\/expobigua\/wp-content\/uploads\/2025\/06\/3-1-300x169.jpg 300w, https:\/\/jandira360.com.br\/expobigua\/wp-content\/uploads\/2025\/06\/3-1-768x432.jpg 768w, https:\/\/jandira360.com.br\/expobigua\/wp-content\/uploads\/2025\/06\/3-1-1536x864.jpg 1536w, https:\/\/jandira360.com.br\/expobigua\/wp-content\/uploads\/2025\/06\/3-1.jpg 1920w\" sizes=\"auto, (max-width: 1024px) 100vw, 1024px\" \/><\/figure>\n\n\n\n<figure class=\"wp-block-image size-large\"><img loading=\"lazy\" decoding=\"async\" width=\"1024\" height=\"576\" data-id=\"273\" src=\"https:\/\/jandira360.com.br\/expobigua\/wp-content\/uploads\/2025\/06\/4-1-1024x576.jpg\" alt=\"\" class=\"wp-image-273\" srcset=\"https:\/\/jandira360.com.br\/expobigua\/wp-content\/uploads\/2025\/06\/4-1-1024x576.jpg 1024w, https:\/\/jandira360.com.br\/expobigua\/wp-content\/uploads\/2025\/06\/4-1-300x169.jpg 300w, https:\/\/jandira360.com.br\/expobigua\/wp-content\/uploads\/2025\/06\/4-1-768x432.jpg 768w, https:\/\/jandira360.com.br\/expobigua\/wp-content\/uploads\/2025\/06\/4-1-1536x864.jpg 1536w, https:\/\/jandira360.com.br\/expobigua\/wp-content\/uploads\/2025\/06\/4-1.jpg 1920w\" sizes=\"auto, (max-width: 1024px) 100vw, 1024px\" \/><\/figure>\n\n\n\n<figure class=\"wp-block-image size-large\"><img loading=\"lazy\" decoding=\"async\" width=\"1024\" height=\"576\" data-id=\"271\" src=\"https:\/\/jandira360.com.br\/expobigua\/wp-content\/uploads\/2025\/06\/5-1-1024x576.jpg\" alt=\"\" class=\"wp-image-271\" srcset=\"https:\/\/jandira360.com.br\/expobigua\/wp-content\/uploads\/2025\/06\/5-1-1024x576.jpg 1024w, https:\/\/jandira360.com.br\/expobigua\/wp-content\/uploads\/2025\/06\/5-1-300x169.jpg 300w, https:\/\/jandira360.com.br\/expobigua\/wp-content\/uploads\/2025\/06\/5-1-768x432.jpg 768w, https:\/\/jandira360.com.br\/expobigua\/wp-content\/uploads\/2025\/06\/5-1-1536x864.jpg 1536w, https:\/\/jandira360.com.br\/expobigua\/wp-content\/uploads\/2025\/06\/5-1.jpg 1920w\" sizes=\"auto, (max-width: 1024px) 100vw, 1024px\" \/><\/figure>\n\n\n\n<figure class=\"wp-block-image size-large\"><img loading=\"lazy\" decoding=\"async\" width=\"1024\" height=\"576\" data-id=\"276\" src=\"https:\/\/jandira360.com.br\/expobigua\/wp-content\/uploads\/2025\/06\/6-1-1024x576.jpg\" alt=\"\" class=\"wp-image-276\" srcset=\"https:\/\/jandira360.com.br\/expobigua\/wp-content\/uploads\/2025\/06\/6-1-1024x576.jpg 1024w, https:\/\/jandira360.com.br\/expobigua\/wp-content\/uploads\/2025\/06\/6-1-300x169.jpg 300w, https:\/\/jandira360.com.br\/expobigua\/wp-content\/uploads\/2025\/06\/6-1-768x432.jpg 768w, https:\/\/jandira360.com.br\/expobigua\/wp-content\/uploads\/2025\/06\/6-1-1536x864.jpg 1536w, https:\/\/jandira360.com.br\/expobigua\/wp-content\/uploads\/2025\/06\/6-1.jpg 1920w\" sizes=\"auto, (max-width: 1024px) 100vw, 1024px\" \/><\/figure>\n\n\n\n<figure class=\"wp-block-image size-large\"><img loading=\"lazy\" decoding=\"async\" width=\"1024\" height=\"576\" data-id=\"281\" src=\"https:\/\/jandira360.com.br\/expobigua\/wp-content\/uploads\/2025\/06\/7-1-1024x576.jpg\" alt=\"\" class=\"wp-image-281\" srcset=\"https:\/\/jandira360.com.br\/expobigua\/wp-content\/uploads\/2025\/06\/7-1-1024x576.jpg 1024w, https:\/\/jandira360.com.br\/expobigua\/wp-content\/uploads\/2025\/06\/7-1-300x169.jpg 300w, https:\/\/jandira360.com.br\/expobigua\/wp-content\/uploads\/2025\/06\/7-1-768x432.jpg 768w, https:\/\/jandira360.com.br\/expobigua\/wp-content\/uploads\/2025\/06\/7-1-1536x864.jpg 1536w, https:\/\/jandira360.com.br\/expobigua\/wp-content\/uploads\/2025\/06\/7-1.jpg 1920w\" sizes=\"auto, (max-width: 1024px) 100vw, 1024px\" \/><\/figure>\n\n\n\n<figure class=\"wp-block-image size-large\"><img loading=\"lazy\" decoding=\"async\" width=\"1024\" height=\"576\" data-id=\"277\" src=\"https:\/\/jandira360.com.br\/expobigua\/wp-content\/uploads\/2025\/06\/8-1-1024x576.jpg\" alt=\"\" class=\"wp-image-277\" srcset=\"https:\/\/jandira360.com.br\/expobigua\/wp-content\/uploads\/2025\/06\/8-1-1024x576.jpg 1024w, https:\/\/jandira360.com.br\/expobigua\/wp-content\/uploads\/2025\/06\/8-1-300x169.jpg 300w, https:\/\/jandira360.com.br\/expobigua\/wp-content\/uploads\/2025\/06\/8-1-768x432.jpg 768w, https:\/\/jandira360.com.br\/expobigua\/wp-content\/uploads\/2025\/06\/8-1-1536x864.jpg 1536w, https:\/\/jandira360.com.br\/expobigua\/wp-content\/uploads\/2025\/06\/8-1.jpg 1920w\" sizes=\"auto, (max-width: 1024px) 100vw, 1024px\" \/><\/figure>\n\n\n\n<figure class=\"wp-block-image size-large\"><img loading=\"lazy\" decoding=\"async\" width=\"1024\" height=\"576\" data-id=\"279\" src=\"https:\/\/jandira360.com.br\/expobigua\/wp-content\/uploads\/2025\/06\/9-1-1024x576.jpg\" alt=\"\" class=\"wp-image-279\" srcset=\"https:\/\/jandira360.com.br\/expobigua\/wp-content\/uploads\/2025\/06\/9-1-1024x576.jpg 1024w, https:\/\/jandira360.com.br\/expobigua\/wp-content\/uploads\/2025\/06\/9-1-300x169.jpg 300w, https:\/\/jandira360.com.br\/expobigua\/wp-content\/uploads\/2025\/06\/9-1-768x432.jpg 768w, https:\/\/jandira360.com.br\/expobigua\/wp-content\/uploads\/2025\/06\/9-1-1536x864.jpg 1536w, https:\/\/jandira360.com.br\/expobigua\/wp-content\/uploads\/2025\/06\/9-1.jpg 1920w\" sizes=\"auto, (max-width: 1024px) 100vw, 1024px\" \/><\/figure>\n\n\n\n<figure class=\"wp-block-image size-large\"><img loading=\"lazy\" decoding=\"async\" width=\"1024\" height=\"576\" data-id=\"282\" src=\"https:\/\/jandira360.com.br\/expobigua\/wp-content\/uploads\/2025\/06\/10-1-1024x576.jpg\" alt=\"\" class=\"wp-image-282\" srcset=\"https:\/\/jandira360.com.br\/expobigua\/wp-content\/uploads\/2025\/06\/10-1-1024x576.jpg 1024w, https:\/\/jandira360.com.br\/expobigua\/wp-content\/uploads\/2025\/06\/10-1-300x169.jpg 300w, https:\/\/jandira360.com.br\/expobigua\/wp-content\/uploads\/2025\/06\/10-1-768x432.jpg 768w, https:\/\/jandira360.com.br\/expobigua\/wp-content\/uploads\/2025\/06\/10-1-1536x864.jpg 1536w, https:\/\/jandira360.com.br\/expobigua\/wp-content\/uploads\/2025\/06\/10-1.jpg 1920w\" sizes=\"auto, (max-width: 1024px) 100vw, 1024px\" \/><\/figure>\n\n\n\n<figure class=\"wp-block-image size-large\"><img loading=\"lazy\" decoding=\"async\" width=\"1024\" height=\"576\" data-id=\"280\" src=\"https:\/\/jandira360.com.br\/expobigua\/wp-content\/uploads\/2025\/06\/11-1-1024x576.jpg\" alt=\"\" class=\"wp-image-280\" srcset=\"https:\/\/jandira360.com.br\/expobigua\/wp-content\/uploads\/2025\/06\/11-1-1024x576.jpg 1024w, https:\/\/jandira360.com.br\/expobigua\/wp-content\/uploads\/2025\/06\/11-1-300x169.jpg 300w, https:\/\/jandira360.com.br\/expobigua\/wp-content\/uploads\/2025\/06\/11-1-768x432.jpg 768w, https:\/\/jandira360.com.br\/expobigua\/wp-content\/uploads\/2025\/06\/11-1-1536x864.jpg 1536w, https:\/\/jandira360.com.br\/expobigua\/wp-content\/uploads\/2025\/06\/11-1.jpg 1920w\" sizes=\"auto, (max-width: 1024px) 100vw, 1024px\" \/><\/figure>\n\n\n\n<figure class=\"wp-block-image size-large\"><img loading=\"lazy\" decoding=\"async\" width=\"1024\" height=\"576\" data-id=\"278\" src=\"https:\/\/jandira360.com.br\/expobigua\/wp-content\/uploads\/2025\/06\/12-1-1024x576.jpg\" alt=\"\" class=\"wp-image-278\" srcset=\"https:\/\/jandira360.com.br\/expobigua\/wp-content\/uploads\/2025\/06\/12-1-1024x576.jpg 1024w, https:\/\/jandira360.com.br\/expobigua\/wp-content\/uploads\/2025\/06\/12-1-300x169.jpg 300w, https:\/\/jandira360.com.br\/expobigua\/wp-content\/uploads\/2025\/06\/12-1-768x432.jpg 768w, https:\/\/jandira360.com.br\/expobigua\/wp-content\/uploads\/2025\/06\/12-1-1536x864.jpg 1536w, https:\/\/jandira360.com.br\/expobigua\/wp-content\/uploads\/2025\/06\/12-1.jpg 1920w\" sizes=\"auto, (max-width: 1024px) 100vw, 1024px\" \/><\/figure>\n\n\n\n<figure class=\"wp-block-image size-large\"><img loading=\"lazy\" decoding=\"async\" width=\"1024\" height=\"576\" data-id=\"283\" src=\"https:\/\/jandira360.com.br\/expobigua\/wp-content\/uploads\/2025\/06\/13-1024x576.jpg\" alt=\"\" class=\"wp-image-283\" srcset=\"https:\/\/jandira360.com.br\/expobigua\/wp-content\/uploads\/2025\/06\/13-1024x576.jpg 1024w, https:\/\/jandira360.com.br\/expobigua\/wp-content\/uploads\/2025\/06\/13-300x169.jpg 300w, https:\/\/jandira360.com.br\/expobigua\/wp-content\/uploads\/2025\/06\/13-768x432.jpg 768w, https:\/\/jandira360.com.br\/expobigua\/wp-content\/uploads\/2025\/06\/13-1536x864.jpg 1536w, https:\/\/jandira360.com.br\/expobigua\/wp-content\/uploads\/2025\/06\/13.jpg 1920w\" sizes=\"auto, (max-width: 1024px) 100vw, 1024px\" \/><\/figure>\n\n\n\n<figure class=\"wp-block-image size-large\"><img loading=\"lazy\" decoding=\"async\" width=\"1024\" height=\"576\" data-id=\"288\" src=\"https:\/\/jandira360.com.br\/expobigua\/wp-content\/uploads\/2025\/06\/14-1-1024x576.jpg\" alt=\"\" class=\"wp-image-288\" srcset=\"https:\/\/jandira360.com.br\/expobigua\/wp-content\/uploads\/2025\/06\/14-1-1024x576.jpg 1024w, https:\/\/jandira360.com.br\/expobigua\/wp-content\/uploads\/2025\/06\/14-1-300x169.jpg 300w, https:\/\/jandira360.com.br\/expobigua\/wp-content\/uploads\/2025\/06\/14-1-768x432.jpg 768w, https:\/\/jandira360.com.br\/expobigua\/wp-content\/uploads\/2025\/06\/14-1-1536x864.jpg 1536w, https:\/\/jandira360.com.br\/expobigua\/wp-content\/uploads\/2025\/06\/14-1.jpg 1920w\" sizes=\"auto, (max-width: 1024px) 100vw, 1024px\" \/><\/figure>\n\n\n\n<figure class=\"wp-block-image size-large\"><img loading=\"lazy\" decoding=\"async\" width=\"1024\" height=\"576\" data-id=\"284\" src=\"https:\/\/jandira360.com.br\/expobigua\/wp-content\/uploads\/2025\/06\/15-1-1024x576.jpg\" alt=\"\" class=\"wp-image-284\" srcset=\"https:\/\/jandira360.com.br\/expobigua\/wp-content\/uploads\/2025\/06\/15-1-1024x576.jpg 1024w, https:\/\/jandira360.com.br\/expobigua\/wp-content\/uploads\/2025\/06\/15-1-300x169.jpg 300w, https:\/\/jandira360.com.br\/expobigua\/wp-content\/uploads\/2025\/06\/15-1-768x432.jpg 768w, https:\/\/jandira360.com.br\/expobigua\/wp-content\/uploads\/2025\/06\/15-1-1536x864.jpg 1536w, https:\/\/jandira360.com.br\/expobigua\/wp-content\/uploads\/2025\/06\/15-1.jpg 1920w\" sizes=\"auto, (max-width: 1024px) 100vw, 1024px\" \/><\/figure>\n\n\n\n<figure class=\"wp-block-image size-large\"><img loading=\"lazy\" decoding=\"async\" width=\"1024\" height=\"576\" data-id=\"285\" src=\"https:\/\/jandira360.com.br\/expobigua\/wp-content\/uploads\/2025\/06\/16-1024x576.jpg\" alt=\"\" class=\"wp-image-285\" srcset=\"https:\/\/jandira360.com.br\/expobigua\/wp-content\/uploads\/2025\/06\/16-1024x576.jpg 1024w, https:\/\/jandira360.com.br\/expobigua\/wp-content\/uploads\/2025\/06\/16-300x169.jpg 300w, https:\/\/jandira360.com.br\/expobigua\/wp-content\/uploads\/2025\/06\/16-768x432.jpg 768w, https:\/\/jandira360.com.br\/expobigua\/wp-content\/uploads\/2025\/06\/16-1536x864.jpg 1536w, https:\/\/jandira360.com.br\/expobigua\/wp-content\/uploads\/2025\/06\/16.jpg 1920w\" sizes=\"auto, (max-width: 1024px) 100vw, 1024px\" \/><\/figure>\n\n\n\n<figure class=\"wp-block-image size-large\"><img loading=\"lazy\" decoding=\"async\" width=\"1024\" height=\"576\" data-id=\"286\" src=\"https:\/\/jandira360.com.br\/expobigua\/wp-content\/uploads\/2025\/06\/17-1-1024x576.jpg\" alt=\"\" class=\"wp-image-286\" srcset=\"https:\/\/jandira360.com.br\/expobigua\/wp-content\/uploads\/2025\/06\/17-1-1024x576.jpg 1024w, https:\/\/jandira360.com.br\/expobigua\/wp-content\/uploads\/2025\/06\/17-1-300x169.jpg 300w, https:\/\/jandira360.com.br\/expobigua\/wp-content\/uploads\/2025\/06\/17-1-768x432.jpg 768w, https:\/\/jandira360.com.br\/expobigua\/wp-content\/uploads\/2025\/06\/17-1-1536x864.jpg 1536w, https:\/\/jandira360.com.br\/expobigua\/wp-content\/uploads\/2025\/06\/17-1.jpg 1920w\" sizes=\"auto, (max-width: 1024px) 100vw, 1024px\" \/><\/figure>\n\n\n\n<figure class=\"wp-block-image size-large\"><img loading=\"lazy\" decoding=\"async\" width=\"1024\" height=\"576\" data-id=\"287\" src=\"https:\/\/jandira360.com.br\/expobigua\/wp-content\/uploads\/2025\/06\/18-1024x576.jpg\" alt=\"\" class=\"wp-image-287\" srcset=\"https:\/\/jandira360.com.br\/expobigua\/wp-content\/uploads\/2025\/06\/18-1024x576.jpg 1024w, https:\/\/jandira360.com.br\/expobigua\/wp-content\/uploads\/2025\/06\/18-300x169.jpg 300w, https:\/\/jandira360.com.br\/expobigua\/wp-content\/uploads\/2025\/06\/18-768x432.jpg 768w, https:\/\/jandira360.com.br\/expobigua\/wp-content\/uploads\/2025\/06\/18-1536x864.jpg 1536w, https:\/\/jandira360.com.br\/expobigua\/wp-content\/uploads\/2025\/06\/18.jpg 1920w\" sizes=\"auto, (max-width: 1024px) 100vw, 1024px\" \/><\/figure>\n\n\n\n<figure class=\"wp-block-image size-large\"><img loading=\"lazy\" decoding=\"async\" width=\"1024\" height=\"576\" data-id=\"289\" src=\"https:\/\/jandira360.com.br\/expobigua\/wp-content\/uploads\/2025\/06\/19-1024x576.jpg\" alt=\"\" class=\"wp-image-289\" srcset=\"https:\/\/jandira360.com.br\/expobigua\/wp-content\/uploads\/2025\/06\/19-1024x576.jpg 1024w, https:\/\/jandira360.com.br\/expobigua\/wp-content\/uploads\/2025\/06\/19-300x169.jpg 300w, https:\/\/jandira360.com.br\/expobigua\/wp-content\/uploads\/2025\/06\/19-768x432.jpg 768w, https:\/\/jandira360.com.br\/expobigua\/wp-content\/uploads\/2025\/06\/19-1536x864.jpg 1536w, https:\/\/jandira360.com.br\/expobigua\/wp-content\/uploads\/2025\/06\/19.jpg 1920w\" sizes=\"auto, (max-width: 1024px) 100vw, 1024px\" \/><\/figure>\n\n\n\n<figure class=\"wp-block-image size-large\"><img loading=\"lazy\" decoding=\"async\" width=\"1024\" height=\"576\" data-id=\"290\" src=\"https:\/\/jandira360.com.br\/expobigua\/wp-content\/uploads\/2025\/06\/20-1024x576.jpg\" alt=\"\" class=\"wp-image-290\" srcset=\"https:\/\/jandira360.com.br\/expobigua\/wp-content\/uploads\/2025\/06\/20-1024x576.jpg 1024w, https:\/\/jandira360.com.br\/expobigua\/wp-content\/uploads\/2025\/06\/20-300x169.jpg 300w, https:\/\/jandira360.com.br\/expobigua\/wp-content\/uploads\/2025\/06\/20-768x432.jpg 768w, https:\/\/jandira360.com.br\/expobigua\/wp-content\/uploads\/2025\/06\/20-1536x864.jpg 1536w, https:\/\/jandira360.com.br\/expobigua\/wp-content\/uploads\/2025\/06\/20.jpg 1920w\" sizes=\"auto, (max-width: 1024px) 100vw, 1024px\" \/><\/figure>\n<\/figure>\n\n\n\n<p><\/p>\n","protected":false},"excerpt":{"rendered":"<p>As imagens s\u00e3o protegidas pelo direito autoral, e podem ser usadas para este fim, sempre mediante a cita\u00e7\u00e3o da Fonte.<\/p>\n","protected":false},"author":1,"featured_media":0,"parent":0,"menu_order":0,"comment_status":"closed","ping_status":"closed","template":"","meta":{"pagelayer_contact_templates":[],"_pagelayer_content":"","footnotes":""},"class_list":["post-270","page","type-page","status-publish","hentry"],"_links":{"self":[{"href":"https:\/\/jandira360.com.br\/expobigua\/wp-json\/wp\/v2\/pages\/270","targetHints":{"allow":["GET"]}}],"collection":[{"href":"https:\/\/jandira360.com.br\/expobigua\/wp-json\/wp\/v2\/pages"}],"about":[{"href":"https:\/\/jandira360.com.br\/expobigua\/wp-json\/wp\/v2\/types\/page"}],"author":[{"embeddable":true,"href":"https:\/\/jandira360.com.br\/expobigua\/wp-json\/wp\/v2\/users\/1"}],"replies":[{"embeddable":true,"href":"https:\/\/jandira360.com.br\/expobigua\/wp-json\/wp\/v2\/comments?post=270"}],"version-history":[{"count":2,"href":"https:\/\/jandira360.com.br\/expobigua\/wp-json\/wp\/v2\/pages\/270\/revisions"}],"predecessor-version":[{"id":292,"href":"https:\/\/jandira360.com.br\/expobigua\/wp-json\/wp\/v2\/pages\/270\/revisions\/292"}],"wp:attachment":[{"href":"https:\/\/jandira360.com.br\/expobigua\/wp-json\/wp\/v2\/media?parent=270"}],"curies":[{"name":"wp","href":"https:\/\/api.w.org\/{rel}","templated":true}]}}